{"id":15184,"date":"2026-02-12T14:58:05","date_gmt":"2026-02-12T13:58:05","guid":{"rendered":"https:\/\/www.bookinabox.dk\/?post_type=product&#038;p=15184"},"modified":"2026-04-10T08:00:33","modified_gmt":"2026-04-10T06:00:33","slug":"the-lies-that-summon-the-night","status":"publish","type":"product","link":"https:\/\/www.bookinabox.dk\/en\/product\/the-lies-that-summon-the-night\/","title":{"rendered":"The Lies That Summon the Night"},"content":{"rendered":"<p><strong>This Exclusive Edition Features:<\/strong><br \/>\n\u2728 The Lies That Summon the Night in Hardback<br \/>\n\u2728 Edge design by <a href=\"https:\/\/www.instagram.com\/lilittwang\/\">@lilittwang<\/a><br \/>\n\u2728 Solid sprayed top\/bottom<br \/>\n\u2728 Edges sprayed by <a href=\"https:\/\/www.instagram.com\/nola_sprayed_edges\/\">@nola_sprayed_edges<\/a><\/p>\n<p>&nbsp;<\/p>\n<p data-start=\"2155\" data-end=\"2328\"><strong data-start=\"2155\" data-end=\"2189\">The Lies That Summon the Night<\/strong> by Tessonja Odette is the first book in a seductive romantasy series where art is forbidden, desire is dangerous, and shadows are only the beginning.<\/p>\n<p data-start=\"2330\" data-end=\"2360\">Once, art brought monsters into the world. Now, creativity is a sin punishable by death. The Sinless, immortal royals who feed on human blood, offer their protection in exchange for sacrifice. Any artist discovered summoning shadows through their work is condemned.<\/p>\n<p data-start=\"602\" data-end=\"824\">Inana knows this all too well. Her secret storytelling nearly cost her life once, and with a bounty on her head, she survives in the city\u2019s underbelly, spinning illicit tales for those reckless enough to listen. Until Dominic finds her&#8230;<\/p>\n<p data-start=\"856\" data-end=\"1134\">A half-Sinless Shadowbane, Dominic hunts the very monsters born from art. But to complete his mission, he needs an artist powerful enough to summon the shadows. He needs Inana. When he forces her into a deadly bargain, survival leaves her little choice but to agree. At least until she can find a way to betray him. As their uneasy alliance pulls them deeper into danger, secrets unravel about their world, the Sinless, and themselves. But the greatest threat might not be the shadows stalking them<\/p>\n<p data-start=\"1383\" data-end=\"1489\">The Lies That Summon the Night is perfect for readers who love forbidden power, morally grey characters, and romance that burns as fiercely as the shadows it summons.<\/p>\n<p>Mockup by: <a href=\"https:\/\/www.instagram.com\/lunafaystudio\/\">@lunafaystudio\u2060<\/a><\/p>\n<p>&nbsp;<\/p>\n<p><b>Details:<br \/>\n<\/b><b>Language: <\/b>English<br \/>\n<b>Format:<\/b> Hardback<br \/>\n<b>Pages: <\/b>320<br \/>\n<b>ISBN:<\/b> 9798217094905<b><br \/>\n<\/b><b>Release date:<\/b> 03-02-2026<\/p>\n","protected":false},"excerpt":{"rendered":"<p>In <em data-start=\"3562\" data-end=\"3594\">The Lies That Summon the Night,<\/em> creativity is a sin, and artists are hunted. When outlawed storyteller Inana is forced into an alliance with a ruthless monster hunter, their partnership ignites a dangerous attraction that could destroy them both \u2014 and their world.<\/p>\n<p>&nbsp;<\/p>\n<p><strong>This Exclusive Edition Features:<\/strong><br \/>\n\u2728 The Lies That Summon the Night in Hardback<br \/>\n\u2728 Edge design by <a href=\"https:\/\/www.instagram.com\/lilittwang\/\">@lilittwang<\/a><br \/>\n\u2728 Solid sprayed top\/bottom<br \/>\n\u2728 Edges sprayed by <a href=\"https:\/\/www.instagram.com\/nola_sprayed_edges\/\">@nola_sprayed_edges<\/a><\/p>\n<p>&nbsp;<\/p>\n<p>&nbsp;<\/p>\n<p>Mockup by: <a href=\"https:\/\/www.instagram.com\/lunafaystudio\/\">@lunafaystudio\u2060<\/a><\/p>\n<p>&nbsp;<\/p>\n","protected":false},"featured_media":15183,"comment_status":"closed","ping_status":"closed","template":"","meta":{"_acf_changed":false,"_et_pb_use_builder":"","_et_pb_old_content":"","_et_gb_content_width":""},"product_brand":[],"product_cat":[48],"product_tag":[],"class_list":{"0":"post-15184","1":"product","2":"type-product","3":"status-publish","4":"has-post-thumbnail","6":"product_cat-fantasy-books","8":"first","9":"instock","10":"taxable","11":"shipping-taxable","12":"purchasable","13":"product-type-simple"},"acf":[],"yoast_head":"<!-- This site is optimized with the Yoast SEO plugin v27.3 - https:\/\/yoast.com\/product\/yoast-seo-wordpress\/ -->\n<title>The Lies That Summon the Night - Book in a Box ApS<\/title>\n<meta name=\"description\" content=\"En m\u00f8rk og dragende romantasy om forbudt magt, farlige alliancer og en k\u00e6rlighed, der kan v\u00e6lte en verden.\" \/>\n<meta name=\"robots\" content=\"index, follow, max-snippet:-1, max-image-preview:large, max-video-preview:-1\" \/>\n<link rel=\"canonical\" href=\"https:\/\/www.bookinabox.dk\/en\/product\/the-lies-that-summon-the-night\/\" \/>\n<meta property=\"og:locale\" content=\"en_US\" \/>\n<meta property=\"og:type\" content=\"article\" \/>\n<meta property=\"og:title\" content=\"The Lies That Summon the Night - Book in a Box ApS\" \/>\n<meta property=\"og:description\" content=\"En m\u00f8rk og dragende romantasy om forbudt magt, farlige alliancer og en k\u00e6rlighed, der kan v\u00e6lte en verden.\" \/>\n<meta property=\"og:url\" content=\"https:\/\/www.bookinabox.dk\/en\/product\/the-lies-that-summon-the-night\/\" \/>\n<meta property=\"og:site_name\" content=\"Book in a Box ApS\" \/>\n<meta property=\"article:publisher\" content=\"https:\/\/www.facebook.com\/profile.php?id=100086607619791\" \/>\n<meta property=\"article:modified_time\" content=\"2026-04-10T06:00:33+00:00\" \/>\n<meta property=\"og:image\" content=\"https:\/\/www.bookinabox.dk\/wp-content\/uploads\/2026\/02\/The-Lies-That-Summon-the-Night-1080x1080-1.png\" \/>\n\t<meta property=\"og:image:width\" content=\"1080\" \/>\n\t<meta property=\"og:image:height\" content=\"1080\" \/>\n\t<meta property=\"og:image:type\" content=\"image\/png\" \/>\n<meta name=\"twitter:card\" content=\"summary_large_image\" \/>\n<meta name=\"twitter:label1\" content=\"Est. reading time\" \/>\n\t<meta name=\"twitter:data1\" content=\"2 minutes\" \/>\n<script type=\"application\/ld+json\" class=\"yoast-schema-graph\">{\"@context\":\"https:\\\/\\\/schema.org\",\"@graph\":[{\"@type\":\"WebPage\",\"@id\":\"https:\\\/\\\/www.bookinabox.dk\\\/en\\\/product\\\/the-lies-that-summon-the-night\\\/\",\"url\":\"https:\\\/\\\/www.bookinabox.dk\\\/en\\\/product\\\/the-lies-that-summon-the-night\\\/\",\"name\":\"The Lies That Summon the Night - Book in a Box ApS\",\"isPartOf\":{\"@id\":\"https:\\\/\\\/www.bookinabox.dk\\\/en\\\/#website\"},\"primaryImageOfPage\":{\"@id\":\"https:\\\/\\\/www.bookinabox.dk\\\/en\\\/product\\\/the-lies-that-summon-the-night\\\/#primaryimage\"},\"image\":{\"@id\":\"https:\\\/\\\/www.bookinabox.dk\\\/en\\\/product\\\/the-lies-that-summon-the-night\\\/#primaryimage\"},\"thumbnailUrl\":\"https:\\\/\\\/www.bookinabox.dk\\\/wp-content\\\/uploads\\\/2026\\\/02\\\/The-Lies-That-Summon-the-Night-1080x1080-1.png\",\"datePublished\":\"2026-02-12T13:58:05+00:00\",\"dateModified\":\"2026-04-10T06:00:33+00:00\",\"description\":\"En m\u00f8rk og dragende romantasy om forbudt magt, farlige alliancer og en k\u00e6rlighed, der kan v\u00e6lte en verden.\",\"breadcrumb\":{\"@id\":\"https:\\\/\\\/www.bookinabox.dk\\\/en\\\/product\\\/the-lies-that-summon-the-night\\\/#breadcrumb\"},\"inLanguage\":\"en-US\",\"potentialAction\":[{\"@type\":\"ReadAction\",\"target\":[\"https:\\\/\\\/www.bookinabox.dk\\\/en\\\/product\\\/the-lies-that-summon-the-night\\\/\"]}]},{\"@type\":\"ImageObject\",\"inLanguage\":\"en-US\",\"@id\":\"https:\\\/\\\/www.bookinabox.dk\\\/en\\\/product\\\/the-lies-that-summon-the-night\\\/#primaryimage\",\"url\":\"https:\\\/\\\/www.bookinabox.dk\\\/wp-content\\\/uploads\\\/2026\\\/02\\\/The-Lies-That-Summon-the-Night-1080x1080-1.png\",\"contentUrl\":\"https:\\\/\\\/www.bookinabox.dk\\\/wp-content\\\/uploads\\\/2026\\\/02\\\/The-Lies-That-Summon-the-Night-1080x1080-1.png\",\"width\":1080,\"height\":1080},{\"@type\":\"BreadcrumbList\",\"@id\":\"https:\\\/\\\/www.bookinabox.dk\\\/en\\\/product\\\/the-lies-that-summon-the-night\\\/#breadcrumb\",\"itemListElement\":[{\"@type\":\"ListItem\",\"position\":1,\"name\":\"Home\",\"item\":\"https:\\\/\\\/www.bookinabox.dk\\\/en\\\/\"},{\"@type\":\"ListItem\",\"position\":2,\"name\":\"Shop\",\"item\":\"https:\\\/\\\/www.bookinabox.dk\\\/en\\\/shop\\\/\"},{\"@type\":\"ListItem\",\"position\":3,\"name\":\"The Lies That Summon the Night\"}]},{\"@type\":\"WebSite\",\"@id\":\"https:\\\/\\\/www.bookinabox.dk\\\/en\\\/#website\",\"url\":\"https:\\\/\\\/www.bookinabox.dk\\\/en\\\/\",\"name\":\"Book in a Box\",\"description\":\"\",\"publisher\":{\"@id\":\"https:\\\/\\\/www.bookinabox.dk\\\/en\\\/#organization\"},\"potentialAction\":[{\"@type\":\"SearchAction\",\"target\":{\"@type\":\"EntryPoint\",\"urlTemplate\":\"https:\\\/\\\/www.bookinabox.dk\\\/en\\\/?s={search_term_string}\"},\"query-input\":{\"@type\":\"PropertyValueSpecification\",\"valueRequired\":true,\"valueName\":\"search_term_string\"}}],\"inLanguage\":\"en-US\"},{\"@type\":\"Organization\",\"@id\":\"https:\\\/\\\/www.bookinabox.dk\\\/en\\\/#organization\",\"name\":\"Book in a Box\",\"url\":\"https:\\\/\\\/www.bookinabox.dk\\\/en\\\/\",\"logo\":{\"@type\":\"ImageObject\",\"inLanguage\":\"en-US\",\"@id\":\"https:\\\/\\\/www.bookinabox.dk\\\/en\\\/#\\\/schema\\\/logo\\\/image\\\/\",\"url\":\"https:\\\/\\\/www.bookinabox.dk\\\/wp-content\\\/uploads\\\/2024\\\/02\\\/Logo-SVG.svg\",\"contentUrl\":\"https:\\\/\\\/www.bookinabox.dk\\\/wp-content\\\/uploads\\\/2024\\\/02\\\/Logo-SVG.svg\",\"width\":2100,\"height\":2500,\"caption\":\"Book in a Box\"},\"image\":{\"@id\":\"https:\\\/\\\/www.bookinabox.dk\\\/en\\\/#\\\/schema\\\/logo\\\/image\\\/\"},\"sameAs\":[\"https:\\\/\\\/www.facebook.com\\\/profile.php?id=100086607619791\",\"https:\\\/\\\/www.instagram.com\\\/bookinaboxdanmark\\\/\"]}]}<\/script>\n<!-- \/ Yoast SEO plugin. -->","yoast_head_json":{"title":"The Lies That Summon the Night - Book in a Box ApS","description":"En m\u00f8rk og dragende romantasy om forbudt magt, farlige alliancer og en k\u00e6rlighed, der kan v\u00e6lte en verden.","robots":{"index":"index","follow":"follow","max-snippet":"max-snippet:-1","max-image-preview":"max-image-preview:large","max-video-preview":"max-video-preview:-1"},"canonical":"https:\/\/www.bookinabox.dk\/en\/product\/the-lies-that-summon-the-night\/","og_locale":"en_US","og_type":"article","og_title":"The Lies That Summon the Night - Book in a Box ApS","og_description":"En m\u00f8rk og dragende romantasy om forbudt magt, farlige alliancer og en k\u00e6rlighed, der kan v\u00e6lte en verden.","og_url":"https:\/\/www.bookinabox.dk\/en\/product\/the-lies-that-summon-the-night\/","og_site_name":"Book in a Box ApS","article_publisher":"https:\/\/www.facebook.com\/profile.php?id=100086607619791","article_modified_time":"2026-04-10T06:00:33+00:00","og_image":[{"width":1080,"height":1080,"url":"https:\/\/www.bookinabox.dk\/wp-content\/uploads\/2026\/02\/The-Lies-That-Summon-the-Night-1080x1080-1.png","type":"image\/png"}],"twitter_card":"summary_large_image","twitter_misc":{"Est. reading time":"2 minutes"},"schema":{"@context":"https:\/\/schema.org","@graph":[{"@type":"WebPage","@id":"https:\/\/www.bookinabox.dk\/en\/product\/the-lies-that-summon-the-night\/","url":"https:\/\/www.bookinabox.dk\/en\/product\/the-lies-that-summon-the-night\/","name":"The Lies That Summon the Night - Book in a Box ApS","isPartOf":{"@id":"https:\/\/www.bookinabox.dk\/en\/#website"},"primaryImageOfPage":{"@id":"https:\/\/www.bookinabox.dk\/en\/product\/the-lies-that-summon-the-night\/#primaryimage"},"image":{"@id":"https:\/\/www.bookinabox.dk\/en\/product\/the-lies-that-summon-the-night\/#primaryimage"},"thumbnailUrl":"https:\/\/www.bookinabox.dk\/wp-content\/uploads\/2026\/02\/The-Lies-That-Summon-the-Night-1080x1080-1.png","datePublished":"2026-02-12T13:58:05+00:00","dateModified":"2026-04-10T06:00:33+00:00","description":"En m\u00f8rk og dragende romantasy om forbudt magt, farlige alliancer og en k\u00e6rlighed, der kan v\u00e6lte en verden.","breadcrumb":{"@id":"https:\/\/www.bookinabox.dk\/en\/product\/the-lies-that-summon-the-night\/#breadcrumb"},"inLanguage":"en-US","potentialAction":[{"@type":"ReadAction","target":["https:\/\/www.bookinabox.dk\/en\/product\/the-lies-that-summon-the-night\/"]}]},{"@type":"ImageObject","inLanguage":"en-US","@id":"https:\/\/www.bookinabox.dk\/en\/product\/the-lies-that-summon-the-night\/#primaryimage","url":"https:\/\/www.bookinabox.dk\/wp-content\/uploads\/2026\/02\/The-Lies-That-Summon-the-Night-1080x1080-1.png","contentUrl":"https:\/\/www.bookinabox.dk\/wp-content\/uploads\/2026\/02\/The-Lies-That-Summon-the-Night-1080x1080-1.png","width":1080,"height":1080},{"@type":"BreadcrumbList","@id":"https:\/\/www.bookinabox.dk\/en\/product\/the-lies-that-summon-the-night\/#breadcrumb","itemListElement":[{"@type":"ListItem","position":1,"name":"Home","item":"https:\/\/www.bookinabox.dk\/en\/"},{"@type":"ListItem","position":2,"name":"Shop","item":"https:\/\/www.bookinabox.dk\/en\/shop\/"},{"@type":"ListItem","position":3,"name":"The Lies That Summon the Night"}]},{"@type":"WebSite","@id":"https:\/\/www.bookinabox.dk\/en\/#website","url":"https:\/\/www.bookinabox.dk\/en\/","name":"Book in a Box","description":"","publisher":{"@id":"https:\/\/www.bookinabox.dk\/en\/#organization"},"potentialAction":[{"@type":"SearchAction","target":{"@type":"EntryPoint","urlTemplate":"https:\/\/www.bookinabox.dk\/en\/?s={search_term_string}"},"query-input":{"@type":"PropertyValueSpecification","valueRequired":true,"valueName":"search_term_string"}}],"inLanguage":"en-US"},{"@type":"Organization","@id":"https:\/\/www.bookinabox.dk\/en\/#organization","name":"Book in a Box","url":"https:\/\/www.bookinabox.dk\/en\/","logo":{"@type":"ImageObject","inLanguage":"en-US","@id":"https:\/\/www.bookinabox.dk\/en\/#\/schema\/logo\/image\/","url":"https:\/\/www.bookinabox.dk\/wp-content\/uploads\/2024\/02\/Logo-SVG.svg","contentUrl":"https:\/\/www.bookinabox.dk\/wp-content\/uploads\/2024\/02\/Logo-SVG.svg","width":2100,"height":2500,"caption":"Book in a Box"},"image":{"@id":"https:\/\/www.bookinabox.dk\/en\/#\/schema\/logo\/image\/"},"sameAs":["https:\/\/www.facebook.com\/profile.php?id=100086607619791","https:\/\/www.instagram.com\/bookinaboxdanmark\/"]}]}},"_links":{"self":[{"href":"https:\/\/www.bookinabox.dk\/en\/wp-json\/wp\/v2\/product\/15184","targetHints":{"allow":["GET"]}}],"collection":[{"href":"https:\/\/www.bookinabox.dk\/en\/wp-json\/wp\/v2\/product"}],"about":[{"href":"https:\/\/www.bookinabox.dk\/en\/wp-json\/wp\/v2\/types\/product"}],"replies":[{"embeddable":true,"href":"https:\/\/www.bookinabox.dk\/en\/wp-json\/wp\/v2\/comments?post=15184"}],"wp:featuredmedia":[{"embeddable":true,"href":"https:\/\/www.bookinabox.dk\/en\/wp-json\/wp\/v2\/media\/15183"}],"wp:attachment":[{"href":"https:\/\/www.bookinabox.dk\/en\/wp-json\/wp\/v2\/media?parent=15184"}],"wp:term":[{"taxonomy":"product_brand","embeddable":true,"href":"https:\/\/www.bookinabox.dk\/en\/wp-json\/wp\/v2\/product_brand?post=15184"},{"taxonomy":"product_cat","embeddable":true,"href":"https:\/\/www.bookinabox.dk\/en\/wp-json\/wp\/v2\/product_cat?post=15184"},{"taxonomy":"product_tag","embeddable":true,"href":"https:\/\/www.bookinabox.dk\/en\/wp-json\/wp\/v2\/product_tag?post=15184"}],"curies":[{"name":"wp","href":"https:\/\/api.w.org\/{rel}","templated":true}]}}